{"id":2467,"date":"2025-05-13T14:56:02","date_gmt":"2025-05-13T14:56:02","guid":{"rendered":"https:\/\/subinalles.media\/?post_type=product&#038;p=2467"},"modified":"2025-05-13T14:56:02","modified_gmt":"2025-05-13T14:56:02","slug":"meble-lazienkowe-storage","status":"publish","type":"product","link":"https:\/\/subinalles.media\/?product=meble-lazienkowe-storage","title":{"rendered":"Meble \u0142azienkowe &#8222;Storage&#8221;"},"content":{"rendered":"<p>Eleganckie meble \u0142azienkowe z du\u017c\u0105 ilo\u015bci\u0105 miejsca do przechowywania. Wykonane z wodoodpornego materia\u0142u, kt\u00f3ry gwarantuje ich trwa\u0142o\u015b\u0107, nawet w wilgotnym \u015brodowisku. Meble te maj\u0105 nowoczesny wygl\u0105d, idealnie pasuj\u0105 do przestronnych \u0142azienek, oferuj\u0105c praktyczne rozwi\u0105zania na przechowywanie.<\/p>\n","protected":false},"excerpt":{"rendered":"<p>Eleganckie meble \u0142azienkowe z du\u017c\u0105 ilo\u015bci\u0105 miejsca do przechowywania. Wykonane z wodoodpornego materia\u0142u, kt\u00f3ry gwarantuje ich trwa\u0142o\u015b\u0107, nawet w wilgotnym \u015brodowisku. Meble te maj\u0105 nowoczesny wygl\u0105d, idealnie pasuj\u0105 do przestronnych&hellip;<\/p>\n","protected":false},"featured_media":2468,"template":"","meta":[],"product_brand":[],"product_cat":[23],"product_tag":[],"class_list":{"0":"post-2467","1":"product","2":"type-product","3":"status-publish","4":"has-post-thumbnail","6":"product_cat-uncategorized","8":"first","9":"instock","10":"shipping-taxable","11":"purchasable","12":"product-type-simple"},"_links":{"self":[{"href":"https:\/\/subinalles.media\/index.php?rest_route=\/wp\/v2\/product\/2467","targetHints":{"allow":["GET"]}}],"collection":[{"href":"https:\/\/subinalles.media\/index.php?rest_route=\/wp\/v2\/product"}],"about":[{"href":"https:\/\/subinalles.media\/index.php?rest_route=\/wp\/v2\/types\/product"}],"wp:featuredmedia":[{"embeddable":true,"href":"https:\/\/subinalles.media\/index.php?rest_route=\/wp\/v2\/media\/2468"}],"wp:attachment":[{"href":"https:\/\/subinalles.media\/index.php?rest_route=%2Fwp%2Fv2%2Fmedia&parent=2467"}],"wp:term":[{"taxonomy":"product_brand","embeddable":true,"href":"https:\/\/subinalles.media\/index.php?rest_route=%2Fwp%2Fv2%2Fproduct_brand&post=2467"},{"taxonomy":"product_cat","embeddable":true,"href":"https:\/\/subinalles.media\/index.php?rest_route=%2Fwp%2Fv2%2Fproduct_cat&post=2467"},{"taxonomy":"product_tag","embeddable":true,"href":"https:\/\/subinalles.media\/index.php?rest_route=%2Fwp%2Fv2%2Fproduct_tag&post=2467"}],"curies":[{"name":"wp","href":"https:\/\/api.w.org\/{rel}","templated":true}]}}