{"id":2465,"date":"2025-05-13T14:55:23","date_gmt":"2025-05-13T14:55:23","guid":{"rendered":"https:\/\/subinalles.media\/?post_type=product&#038;p=2465"},"modified":"2025-05-13T14:55:23","modified_gmt":"2025-05-13T14:55:23","slug":"lustro-led-lumin","status":"publish","type":"product","link":"https:\/\/subinalles.media\/?product=lustro-led-lumin","title":{"rendered":"Lustro LED &#8222;Lumin&#8221;"},"content":{"rendered":"<p>Lustro z wbudowanym o\u015bwietleniem LED, kt\u00f3re zapewnia r\u00f3wnomierne i naturalne \u015bwiat\u0142o, idealne do porannej toalety. Z funkcj\u0105 \u015bciemniania, dzi\u0119ki czemu mo\u017cesz dostosowa\u0107 jasno\u015b\u0107 do swoich potrzeb. Nowoczesny design z cienk\u0105 ramk\u0105 w kolorze srebra sprawia, \u017ce pasuje do ka\u017cdej \u0142azienki.<\/p>\n","protected":false},"excerpt":{"rendered":"<p>Lustro z wbudowanym o\u015bwietleniem LED, kt\u00f3re zapewnia r\u00f3wnomierne i naturalne \u015bwiat\u0142o, idealne do porannej toalety. Z funkcj\u0105 \u015bciemniania, dzi\u0119ki czemu mo\u017cesz dostosowa\u0107 jasno\u015b\u0107 do swoich potrzeb. Nowoczesny design z cienk\u0105&hellip;<\/p>\n","protected":false},"featured_media":2466,"template":"","meta":[],"product_brand":[],"product_cat":[23],"product_tag":[],"class_list":{"0":"post-2465","1":"product","2":"type-product","3":"status-publish","4":"has-post-thumbnail","6":"product_cat-uncategorized","8":"first","9":"instock","10":"shipping-taxable","11":"purchasable","12":"product-type-simple"},"_links":{"self":[{"href":"https:\/\/subinalles.media\/index.php?rest_route=\/wp\/v2\/product\/2465","targetHints":{"allow":["GET"]}}],"collection":[{"href":"https:\/\/subinalles.media\/index.php?rest_route=\/wp\/v2\/product"}],"about":[{"href":"https:\/\/subinalles.media\/index.php?rest_route=\/wp\/v2\/types\/product"}],"wp:featuredmedia":[{"embeddable":true,"href":"https:\/\/subinalles.media\/index.php?rest_route=\/wp\/v2\/media\/2466"}],"wp:attachment":[{"href":"https:\/\/subinalles.media\/index.php?rest_route=%2Fwp%2Fv2%2Fmedia&parent=2465"}],"wp:term":[{"taxonomy":"product_brand","embeddable":true,"href":"https:\/\/subinalles.media\/index.php?rest_route=%2Fwp%2Fv2%2Fproduct_brand&post=2465"},{"taxonomy":"product_cat","embeddable":true,"href":"https:\/\/subinalles.media\/index.php?rest_route=%2Fwp%2Fv2%2Fproduct_cat&post=2465"},{"taxonomy":"product_tag","embeddable":true,"href":"https:\/\/subinalles.media\/index.php?rest_route=%2Fwp%2Fv2%2Fproduct_tag&post=2465"}],"curies":[{"name":"wp","href":"https:\/\/api.w.org\/{rel}","templated":true}]}}