{"id":2462,"date":"2025-05-13T14:54:50","date_gmt":"2025-05-13T14:54:50","guid":{"rendered":"https:\/\/subinalles.media\/?post_type=product&#038;p=2462"},"modified":"2025-05-13T14:54:50","modified_gmt":"2025-05-13T14:54:50","slug":"zestaw-do-wc-eco","status":"publish","type":"product","link":"https:\/\/subinalles.media\/?product=zestaw-do-wc-eco","title":{"rendered":"Zestaw do WC &#8222;Eco&#8221;"},"content":{"rendered":"<p>Zestaw WC z systemem oszcz\u0119dzania wody, sk\u0142adaj\u0105cy si\u0119 z miski, deski sedesowej oraz stela\u017ca. Nowoczesny mechanizm sp\u0142ukiwania minimalizuje zu\u017cycie wody, jednocze\u015bnie zapewniaj\u0105c pe\u0142n\u0105 skuteczno\u015b\u0107. Stela\u017c jest \u0142atwy w monta\u017cu, a ca\u0142o\u015b\u0107 wyr\u00f3\u017cnia si\u0119 prostym, ale funkcjonalnym designem.<\/p>\n","protected":false},"excerpt":{"rendered":"<p>Zestaw WC z systemem oszcz\u0119dzania wody, sk\u0142adaj\u0105cy si\u0119 z miski, deski sedesowej oraz stela\u017ca. Nowoczesny mechanizm sp\u0142ukiwania minimalizuje zu\u017cycie wody, jednocze\u015bnie zapewniaj\u0105c pe\u0142n\u0105 skuteczno\u015b\u0107. Stela\u017c jest \u0142atwy w monta\u017cu, a&hellip;<\/p>\n","protected":false},"featured_media":2463,"template":"","meta":[],"product_brand":[],"product_cat":[23],"product_tag":[],"class_list":{"0":"post-2462","1":"product","2":"type-product","3":"status-publish","4":"has-post-thumbnail","6":"product_cat-uncategorized","8":"first","9":"instock","10":"shipping-taxable","11":"purchasable","12":"product-type-simple"},"_links":{"self":[{"href":"https:\/\/subinalles.media\/index.php?rest_route=\/wp\/v2\/product\/2462","targetHints":{"allow":["GET"]}}],"collection":[{"href":"https:\/\/subinalles.media\/index.php?rest_route=\/wp\/v2\/product"}],"about":[{"href":"https:\/\/subinalles.media\/index.php?rest_route=\/wp\/v2\/types\/product"}],"wp:featuredmedia":[{"embeddable":true,"href":"https:\/\/subinalles.media\/index.php?rest_route=\/wp\/v2\/media\/2463"}],"wp:attachment":[{"href":"https:\/\/subinalles.media\/index.php?rest_route=%2Fwp%2Fv2%2Fmedia&parent=2462"}],"wp:term":[{"taxonomy":"product_brand","embeddable":true,"href":"https:\/\/subinalles.media\/index.php?rest_route=%2Fwp%2Fv2%2Fproduct_brand&post=2462"},{"taxonomy":"product_cat","embeddable":true,"href":"https:\/\/subinalles.media\/index.php?rest_route=%2Fwp%2Fv2%2Fproduct_cat&post=2462"},{"taxonomy":"product_tag","embeddable":true,"href":"https:\/\/subinalles.media\/index.php?rest_route=%2Fwp%2Fv2%2Fproduct_tag&post=2462"}],"curies":[{"name":"wp","href":"https:\/\/api.w.org\/{rel}","templated":true}]}}