{"id":2460,"date":"2025-05-13T14:54:16","date_gmt":"2025-05-13T14:54:16","guid":{"rendered":"https:\/\/subinalles.media\/?post_type=product&#038;p=2460"},"modified":"2025-05-13T14:54:17","modified_gmt":"2025-05-13T14:54:17","slug":"bidet-pure","status":"publish","type":"product","link":"https:\/\/subinalles.media\/?product=bidet-pure","title":{"rendered":"Bidet &#8222;Pure&#8221;"},"content":{"rendered":"<p>Nowoczesny bidet o prostym, ale eleganckim wygl\u0105dzie, doskonale dopasowuj\u0105cy si\u0119 do ka\u017cdej \u0142azienki. Wykonany z wysokogatunkowej ceramiki, \u0142atwy w utrzymaniu czysto\u015bci. Ergonomiczny kszta\u0142t zapewnia komfort u\u017cytkowania, a minimalistyczny design wpasuje si\u0119 w ka\u017cd\u0105 aran\u017cacj\u0119.<\/p>\n","protected":false},"excerpt":{"rendered":"<p>Nowoczesny bidet o prostym, ale eleganckim wygl\u0105dzie, doskonale dopasowuj\u0105cy si\u0119 do ka\u017cdej \u0142azienki. Wykonany z wysokogatunkowej ceramiki, \u0142atwy w utrzymaniu czysto\u015bci. Ergonomiczny kszta\u0142t zapewnia komfort u\u017cytkowania, a minimalistyczny design wpasuje&hellip;<\/p>\n","protected":false},"featured_media":2461,"template":"","meta":[],"product_brand":[],"product_cat":[23],"product_tag":[],"class_list":{"0":"post-2460","1":"product","2":"type-product","3":"status-publish","4":"has-post-thumbnail","6":"product_cat-uncategorized","8":"first","9":"instock","10":"shipping-taxable","11":"purchasable","12":"product-type-simple"},"_links":{"self":[{"href":"https:\/\/subinalles.media\/index.php?rest_route=\/wp\/v2\/product\/2460","targetHints":{"allow":["GET"]}}],"collection":[{"href":"https:\/\/subinalles.media\/index.php?rest_route=\/wp\/v2\/product"}],"about":[{"href":"https:\/\/subinalles.media\/index.php?rest_route=\/wp\/v2\/types\/product"}],"wp:featuredmedia":[{"embeddable":true,"href":"https:\/\/subinalles.media\/index.php?rest_route=\/wp\/v2\/media\/2461"}],"wp:attachment":[{"href":"https:\/\/subinalles.media\/index.php?rest_route=%2Fwp%2Fv2%2Fmedia&parent=2460"}],"wp:term":[{"taxonomy":"product_brand","embeddable":true,"href":"https:\/\/subinalles.media\/index.php?rest_route=%2Fwp%2Fv2%2Fproduct_brand&post=2460"},{"taxonomy":"product_cat","embeddable":true,"href":"https:\/\/subinalles.media\/index.php?rest_route=%2Fwp%2Fv2%2Fproduct_cat&post=2460"},{"taxonomy":"product_tag","embeddable":true,"href":"https:\/\/subinalles.media\/index.php?rest_route=%2Fwp%2Fv2%2Fproduct_tag&post=2460"}],"curies":[{"name":"wp","href":"https:\/\/api.w.org\/{rel}","templated":true}]}}