{"id":2456,"date":"2025-05-13T14:52:47","date_gmt":"2025-05-13T14:52:47","guid":{"rendered":"https:\/\/subinalles.media\/?post_type=product&#038;p=2456"},"modified":"2025-05-13T14:52:47","modified_gmt":"2025-05-13T14:52:47","slug":"kabina-prysznicowa-aqua","status":"publish","type":"product","link":"https:\/\/subinalles.media\/?product=kabina-prysznicowa-aqua","title":{"rendered":"Kabina prysznicowa &#8222;Aqua&#8221;"},"content":{"rendered":"<p>Kabina prysznicowa z drzwiami przesuwnymi, wykonana z hartowanego szk\u0142a, zapewniaj\u0105ca bezpiecze\u0144stwo oraz wygod\u0119 u\u017cytkowania. Nowoczesny system drzwi przesuwanych eliminuje problem otwierania i zajmowania miejsca. Idealna do ma\u0142ych \u0142azienek, \u0142\u0105cz\u0105c funkcjonalno\u015b\u0107 z elegancj\u0105.<\/p>\n","protected":false},"excerpt":{"rendered":"<p>Kabina prysznicowa z drzwiami przesuwnymi, wykonana z hartowanego szk\u0142a, zapewniaj\u0105ca bezpiecze\u0144stwo oraz wygod\u0119 u\u017cytkowania. Nowoczesny system drzwi przesuwanych eliminuje problem otwierania i zajmowania miejsca. Idealna do ma\u0142ych \u0142azienek, \u0142\u0105cz\u0105c funkcjonalno\u015b\u0107&hellip;<\/p>\n","protected":false},"featured_media":2457,"template":"","meta":[],"product_brand":[],"product_cat":[23],"product_tag":[],"class_list":{"0":"post-2456","1":"product","2":"type-product","3":"status-publish","4":"has-post-thumbnail","6":"product_cat-uncategorized","8":"first","9":"instock","10":"sale","11":"shipping-taxable","12":"purchasable","13":"product-type-simple"},"_links":{"self":[{"href":"https:\/\/subinalles.media\/index.php?rest_route=\/wp\/v2\/product\/2456","targetHints":{"allow":["GET"]}}],"collection":[{"href":"https:\/\/subinalles.media\/index.php?rest_route=\/wp\/v2\/product"}],"about":[{"href":"https:\/\/subinalles.media\/index.php?rest_route=\/wp\/v2\/types\/product"}],"wp:featuredmedia":[{"embeddable":true,"href":"https:\/\/subinalles.media\/index.php?rest_route=\/wp\/v2\/media\/2457"}],"wp:attachment":[{"href":"https:\/\/subinalles.media\/index.php?rest_route=%2Fwp%2Fv2%2Fmedia&parent=2456"}],"wp:term":[{"taxonomy":"product_brand","embeddable":true,"href":"https:\/\/subinalles.media\/index.php?rest_route=%2Fwp%2Fv2%2Fproduct_brand&post=2456"},{"taxonomy":"product_cat","embeddable":true,"href":"https:\/\/subinalles.media\/index.php?rest_route=%2Fwp%2Fv2%2Fproduct_cat&post=2456"},{"taxonomy":"product_tag","embeddable":true,"href":"https:\/\/subinalles.media\/index.php?rest_route=%2Fwp%2Fv2%2Fproduct_tag&post=2456"}],"curies":[{"name":"wp","href":"https:\/\/api.w.org\/{rel}","templated":true}]}}