{"id":2452,"date":"2025-05-13T14:51:16","date_gmt":"2025-05-13T14:51:16","guid":{"rendered":"https:\/\/subinalles.media\/?post_type=product&#038;p=2452"},"modified":"2025-05-13T14:51:17","modified_gmt":"2025-05-13T14:51:17","slug":"bateria-umywalkowa-elegance","status":"publish","type":"product","link":"https:\/\/subinalles.media\/?product=bateria-umywalkowa-elegance","title":{"rendered":"Bateria umywalkowa &#8222;Elegance&#8221;"},"content":{"rendered":"<p>Elegancka bateria umywalkowa, kt\u00f3ra \u0142\u0105czy nowoczesny design z funkcjonalno\u015bci\u0105. Wykonana z wysokiej jako\u015bci mosi\u0105dzu, zapewnia odporno\u015b\u0107 na korozj\u0119 i d\u0142ugotrwa\u0142e u\u017cytkowanie. Dzi\u0119ki innowacyjnej technologii oszcz\u0119dzania wody, jest idealnym wyborem dla os\u00f3b dbaj\u0105cych o ekologi\u0119. Stylowa, z precyzyjnym wyko\u0144czeniem, doskonale komponuje si\u0119 w ka\u017cdej \u0142azience.<\/p>\n","protected":false},"excerpt":{"rendered":"<p>Elegancka bateria umywalkowa, kt\u00f3ra \u0142\u0105czy nowoczesny design z funkcjonalno\u015bci\u0105. Wykonana z wysokiej jako\u015bci mosi\u0105dzu, zapewnia odporno\u015b\u0107 na korozj\u0119 i d\u0142ugotrwa\u0142e u\u017cytkowanie. Dzi\u0119ki innowacyjnej technologii oszcz\u0119dzania wody, jest idealnym wyborem dla&hellip;<\/p>\n","protected":false},"featured_media":2453,"template":"","meta":[],"product_brand":[],"product_cat":[23],"product_tag":[],"class_list":{"0":"post-2452","1":"product","2":"type-product","3":"status-publish","4":"has-post-thumbnail","6":"product_cat-uncategorized","8":"first","9":"instock","10":"shipping-taxable","11":"purchasable","12":"product-type-simple"},"_links":{"self":[{"href":"https:\/\/subinalles.media\/index.php?rest_route=\/wp\/v2\/product\/2452","targetHints":{"allow":["GET"]}}],"collection":[{"href":"https:\/\/subinalles.media\/index.php?rest_route=\/wp\/v2\/product"}],"about":[{"href":"https:\/\/subinalles.media\/index.php?rest_route=\/wp\/v2\/types\/product"}],"wp:featuredmedia":[{"embeddable":true,"href":"https:\/\/subinalles.media\/index.php?rest_route=\/wp\/v2\/media\/2453"}],"wp:attachment":[{"href":"https:\/\/subinalles.media\/index.php?rest_route=%2Fwp%2Fv2%2Fmedia&parent=2452"}],"wp:term":[{"taxonomy":"product_brand","embeddable":true,"href":"https:\/\/subinalles.media\/index.php?rest_route=%2Fwp%2Fv2%2Fproduct_brand&post=2452"},{"taxonomy":"product_cat","embeddable":true,"href":"https:\/\/subinalles.media\/index.php?rest_route=%2Fwp%2Fv2%2Fproduct_cat&post=2452"},{"taxonomy":"product_tag","embeddable":true,"href":"https:\/\/subinalles.media\/index.php?rest_route=%2Fwp%2Fv2%2Fproduct_tag&post=2452"}],"curies":[{"name":"wp","href":"https:\/\/api.w.org\/{rel}","templated":true}]}}