{"id":2369,"date":"2025-05-13T12:18:26","date_gmt":"2025-05-13T12:18:26","guid":{"rendered":"https:\/\/subinalles.media\/?page_id=2369"},"modified":"2025-05-13T12:18:26","modified_gmt":"2025-05-13T12:18:26","slug":"zastrzezenie","status":"publish","type":"page","link":"https:\/\/subinalles.media\/?page_id=2369","title":{"rendered":"Zastrze\u017cenie"},"content":{"rendered":"<h2>Interpretacja i definicje<\/h2>\n<h3>Interpretacja<\/h3>\n<p>S\u0142owa, kt\u00f3rych pierwsza litera jest wielka, maj\u0105 znaczenie zdefiniowane w nast\u0119puj\u0105cych warunkach. Poni\u017csze definicje maj\u0105 takie samo znaczenie niezale\u017cnie od tego, czy wyst\u0119puj\u0105 w liczbie pojedynczej czy mnogiej.<\/p>\n<h3>Definicje<\/h3>\n<p>Dla cel\u00f3w niniejszego Zastrze\u017cenia:<\/p>\n<ul>\n<li><strong>Sp\u00f3\u0142ka<\/strong> (okre\u015blana w niniejszym Zastrze\u017ceniu jako &quot;Sp\u00f3\u0142ka&quot;, &quot;My&quot;, &quot;Nas&quot; lub &quot;Nasze&quot;) odnosi si\u0119 do Subinalles Sp. z o.o., S\u0142ubicka 26, 53-615 Wroc\u0142aw, Polska.<\/li>\n<li><strong>Us\u0142uga<\/strong> odnosi si\u0119 do Witryny.<\/li>\n<li><strong>U\u017cytkownik<\/strong> oznacza osob\u0119 fizyczn\u0105 uzyskuj\u0105c\u0105 dost\u0119p do Us\u0142ugi lub sp\u00f3\u0142k\u0119 b\u0105d\u017a inny podmiot prawny, w imieniu kt\u00f3rego taka osoba fizyczna uzyskuje dost\u0119p do Us\u0142ugi lub z niej korzysta.<\/li>\n<li><strong>Strona internetowa<\/strong> odnosi si\u0119 do Subinalles Sp. z o.o., dost\u0119pnej pod adresem <a href=\"https:\/\/subinalles.media\/\" rel=\"external nofollow noopener\" target=\"_blank\">https:\/\/subinalles.media\/.<\/a><\/li>\n<\/ul>\n<h2>Zastrze\u017cenie<\/h2>\n<p>Informacje zawarte w Serwisie s\u0142u\u017c\u0105 wy\u0142\u0105cznie og\u00f3lnym celom informacyjnym.<\/p>\n<p>Sp\u00f3\u0142ka nie ponosi odpowiedzialno\u015bci za b\u0142\u0119dy lub pomini\u0119cia w tre\u015bci Serwisu.<\/p>\n<p>W \u017cadnym wypadku Sp\u00f3\u0142ka nie ponosi odpowiedzialno\u015bci za jakiekolwiek szczeg\u00f3lne, bezpo\u015brednie, po\u015brednie, wynikowe lub przypadkowe szkody lub jakiekolwiek inne szkody, czy to w ramach umowy, zaniedbania lub innego czynu niedozwolonego, wynikaj\u0105ce z lub w zwi\u0105zku z korzystaniem z Us\u0142ugi lub tre\u015bci Us\u0142ugi. Sp\u00f3\u0142ka zastrzega sobie prawo do dodawania, usuwania lub modyfikowania zawarto\u015bci Serwisu w dowolnym momencie bez wcze\u015bniejszego powiadomienia.<\/p>\n<p>Sp\u00f3\u0142ka nie gwarantuje, \u017ce Us\u0142uga jest wolna od wirus\u00f3w lub innych szkodliwych element\u00f3w.<\/p>\n<h2>Zastrze\u017cenie dotycz\u0105ce informacji medycznych<\/h2>\n<p>Informacje na temat zdrowia dostarczane przez Serwis nie maj\u0105 na celu diagnozowania, leczenia ani zapobiegania chorobom. Produkty, us\u0142ugi, informacje i inne tre\u015bci dostarczane przez Serwis, w tym informacje odsy\u0142aj\u0105ce do stron internetowych os\u00f3b trzecich, s\u0105 dostarczane wy\u0142\u0105cznie w celach informacyjnych.<\/p>\n<p>Informacje oferowane przez Serwis nie s\u0105 wyczerpuj\u0105ce i nie obejmuj\u0105 wszystkich chor\u00f3b, dolegliwo\u015bci, stan\u00f3w fizycznych ani ich leczenia.<\/p>\n<p>Poszczeg\u00f3lne osoby s\u0105 r\u00f3\u017cne i mog\u0105 r\u00f3\u017cnie reagowa\u0107 na r\u00f3\u017cne produkty. Komentarze zamieszczane w Serwisie przez pracownik\u00f3w lub innych u\u017cytkownik\u00f3w s\u0105 wy\u0142\u0105cznie ich osobistymi pogl\u0105dami wyra\u017canymi w ich w\u0142asnym imieniu i nie stanowi\u0105 roszcze\u0144 Sp\u00f3\u0142ki ani nie reprezentuj\u0105 stanowiska lub pogl\u0105d\u00f3w Sp\u00f3\u0142ki.<\/p>\n<p>Sp\u00f3\u0142ka nie ponosi odpowiedzialno\u015bci za jakiekolwiek informacje dostarczane przez Serwis w odniesieniu do zalece\u0144 dotycz\u0105cych suplement\u00f3w dla jakichkolwiek cel\u00f3w zdrowotnych.<\/p>\n<p>Sp\u00f3\u0142ka nie udziela \u017cadnych gwarancji ani r\u0119kojmi w odniesieniu do jakichkolwiek sprzedawanych produkt\u00f3w lub us\u0142ug. Sp\u00f3\u0142ka nie ponosi odpowiedzialno\u015bci za jakiekolwiek szkody z tytu\u0142u dostarczonych informacji lub us\u0142ug, nawet je\u015bli Sp\u00f3\u0142ka zosta\u0142a poinformowana o mo\u017cliwo\u015bci ich wyst\u0105pienia.<\/p>\n<h2>Zastrze\u017cenie dotycz\u0105ce informacji fitness i \u017cywieniowych<\/h2>\n<p>Us\u0142uga mo\u017ce oferowa\u0107 informacje na temat zdrowia, kondycji i od\u017cywiania, w tym mi\u0119dzy innymi porady i zalecenia, kt\u00f3re s\u0105 dostarczane wy\u0142\u0105cznie w celach edukacyjnych i informacyjnych.<\/p>\n<p>U\u017cytkownik korzysta z porad i informacji zawartych w niniejszym dokumencie na w\u0142asne ryzyko. Nie nale\u017cy polega\u0107 na tych informacjach jako substytutach, ani nie zast\u0119puj\u0105 one profesjonalnej porady medycznej, diagnozy lub leczenia. Przed rozpocz\u0119ciem jakiegokolwiek programu \u017cywieniowego lub \u0107wicze\u0144 fizycznych nale\u017cy zawsze skonsultowa\u0107 si\u0119 z lekarzem lub pracownikiem s\u0142u\u017cby zdrowia.<\/p>\n<p>Je\u015bli u\u017cytkownik zdecyduje si\u0119 wykorzysta\u0107 te informacje bez uprzedniej zgody lekarza, zgadza si\u0119 przyj\u0105\u0107 pe\u0142n\u0105 odpowiedzialno\u015b\u0107 za swoje decyzje i zobowi\u0105zuje si\u0119 zwolni\u0107 Sp\u00f3\u0142k\u0119 z odpowiedzialno\u015bci.<\/p>\n<h2>Zastrze\u017cenie dotycz\u0105ce link\u00f3w zewn\u0119trznych<\/h2>\n<p>Us\u0142uga mo\u017ce zawiera\u0107 \u0142\u0105cza do zewn\u0119trznych stron internetowych, kt\u00f3re nie s\u0105 dostarczane ani utrzymywane przez Sp\u00f3\u0142k\u0119 lub w jakikolwiek spos\u00f3b z ni\u0105 powi\u0105zane.<\/p>\n<p>Nale\u017cy pami\u0119ta\u0107, \u017ce Sp\u00f3\u0142ka nie gwarantuje dok\u0142adno\u015bci, trafno\u015bci, aktualno\u015bci ani kompletno\u015bci jakichkolwiek informacji na tych zewn\u0119trznych stronach internetowych.<\/p>\n<h2>Zastrze\u017cenie reklamowe<\/h2>\n<p>Podczas korzystania z Us\u0142ugi mog\u0105 r\u00f3wnie\u017c pojawia\u0107 si\u0119 reklamy os\u00f3b trzecich i \u0142\u0105cza do stron internetowych os\u00f3b trzecich. Sp\u00f3\u0142ka nie sk\u0142ada \u017cadnych o\u015bwiadcze\u0144 co do dok\u0142adno\u015bci lub przydatno\u015bci jakichkolwiek informacji zawartych w tych reklamach lub witrynach internetowych i nie ponosi \u017cadnej odpowiedzialno\u015bci za zachowanie lub tre\u015b\u0107 tych reklam i witryn internetowych oraz ofert sk\u0142adanych przez osoby trzecie.<\/p>\n<p>Reklamy os\u00f3b trzecich i linki do innych witryn internetowych, na kt\u00f3rych reklamowane s\u0105 towary lub us\u0142ugi, nie stanowi\u0105 rekomendacji ani zalece\u0144 Sp\u00f3\u0142ki dotycz\u0105cych witryn, towar\u00f3w lub us\u0142ug os\u00f3b trzecich. Sp\u00f3\u0142ka nie ponosi odpowiedzialno\u015bci za tre\u015b\u0107 reklam, sk\u0142adane obietnice ani jako\u015b\u0107\/niezawodno\u015b\u0107 produkt\u00f3w lub us\u0142ug oferowanych we wszystkich reklamach.<\/p>\n<h2>Wy\u0142\u0105czenie odpowiedzialno\u015bci za b\u0142\u0119dy i pomini\u0119cia<\/h2>\n<p>Informacje podane w Serwisie maj\u0105 jedynie charakter og\u00f3lnych wskaz\u00f3wek dotycz\u0105cych interesuj\u0105cych nas kwestii. Nawet je\u015bli Sp\u00f3\u0142ka podejmie wszelkie \u015brodki ostro\u017cno\u015bci, aby zapewni\u0107, \u017ce zawarto\u015b\u0107 Serwisu jest zar\u00f3wno aktualna, jak i dok\u0142adna, mog\u0105 wyst\u0105pi\u0107 b\u0142\u0119dy. Ponadto, bior\u0105c pod uwag\u0119 zmieniaj\u0105cy si\u0119 charakter przepis\u00f3w prawa, zasad i regulacji, mog\u0105 wyst\u0105pi\u0107 op\u00f3\u017anienia, pomini\u0119cia lub nie\u015bcis\u0142o\u015bci w informacjach zawartych w Serwisie.<\/p>\n<p>Sp\u00f3\u0142ka nie ponosi odpowiedzialno\u015bci za jakiekolwiek b\u0142\u0119dy lub pomini\u0119cia ani za wyniki uzyskane w wyniku wykorzystania tych informacji.<\/p>\n<h2>Zastrze\u017cenie dotycz\u0105ce dozwolonego u\u017cytku<\/h2>\n<p>Sp\u00f3\u0142ka mo\u017ce wykorzystywa\u0107 materia\u0142y chronione prawem autorskim, kt\u00f3re nie zawsze zosta\u0142y wyra\u017anie autoryzowane przez w\u0142a\u015bciciela praw autorskich. Sp\u00f3\u0142ka udost\u0119pnia takie materia\u0142y w celu krytyki, komentowania, przekazywania wiadomo\u015bci, nauczania, stypendi\u00f3w lub bada\u0144.<\/p>\n<p>Sp\u00f3\u0142ka uwa\u017ca, \u017ce stanowi to &quot;dozwolony u\u017cytek&quot; wszelkich takich materia\u0142\u00f3w chronionych prawem autorskim, zgodnie z sekcj\u0105 107 ameryka\u0144skiego prawa autorskiego.<\/p>\n<p>Je\u015bli u\u017cytkownik chce wykorzysta\u0107 materia\u0142y chronione prawem autorskim z Us\u0142ugi do w\u0142asnych cel\u00f3w, kt\u00f3re wykraczaj\u0105 poza dozwolony u\u017cytek, musi uzyska\u0107 zgod\u0119 w\u0142a\u015bciciela praw autorskich.<\/p>\n<h2>Wyra\u017cone pogl\u0105dy Zastrze\u017cenie<\/h2>\n<p>Serwis mo\u017ce zawiera\u0107 pogl\u0105dy i opinie, kt\u00f3re s\u0105 pogl\u0105dami i opiniami autor\u00f3w i niekoniecznie odzwierciedlaj\u0105 oficjaln\u0105 polityk\u0119 lub stanowisko jakiegokolwiek innego autora, agencji, organizacji, pracodawcy lub sp\u00f3\u0142ki, w tym Sp\u00f3\u0142ki.<\/p>\n<p>Komentarze publikowane przez u\u017cytkownik\u00f3w s\u0105 ich wy\u0142\u0105czn\u0105 odpowiedzialno\u015bci\u0105, a u\u017cytkownicy bior\u0105 na siebie pe\u0142n\u0105 odpowiedzialno\u015b\u0107 za wszelkie znies\u0142awienia lub spory s\u0105dowe, kt\u00f3re wynikaj\u0105 z czego\u015b napisanego w komentarzu lub jako bezpo\u015bredni rezultat czego\u015b napisanego w komentarzu. Sp\u00f3\u0142ka nie ponosi odpowiedzialno\u015bci za komentarze publikowane przez u\u017cytkownik\u00f3w i zastrzega sobie prawo do usuni\u0119cia ka\u017cdego komentarza z dowolnego powodu.<\/p>\n<h2>Wy\u0142\u0105czenie odpowiedzialno\u015bci<\/h2>\n<p>Informacje zawarte w Serwisie s\u0105 dostarczane przy za\u0142o\u017ceniu, \u017ce Sp\u00f3\u0142ka nie jest zaanga\u017cowana w \u015bwiadczenie us\u0142ug prawnych, ksi\u0119gowych, podatkowych lub innych profesjonalnych porad i us\u0142ug. W zwi\u0105zku z tym nie nale\u017cy ich wykorzystywa\u0107 jako substytutu konsultacji z profesjonalnymi doradcami ksi\u0119gowymi, podatkowymi, prawnymi lub innymi kompetentnymi doradcami.<\/p>\n<p>W \u017cadnym wypadku Sp\u00f3\u0142ka ani jej dostawcy nie ponosz\u0105 odpowiedzialno\u015bci za jakiekolwiek szczeg\u00f3lne, przypadkowe, po\u015brednie lub wt\u00f3rne szkody wynikaj\u0105ce z lub w zwi\u0105zku z dost\u0119pem lub korzystaniem lub niemo\u017cno\u015bci\u0105 uzyskania dost\u0119pu lub korzystania z Us\u0142ugi.<\/p>\n<h2>Zastrze\u017cenie &quot;U\u017cywaj na w\u0142asne ryzyko&quot;<\/h2>\n<p>Wszystkie informacje zawarte w Serwisie s\u0105 dostarczane w stanie, w jakim si\u0119 znajduj\u0105, bez gwarancji kompletno\u015bci, dok\u0142adno\u015bci, terminowo\u015bci lub wynik\u00f3w uzyskanych w wyniku korzystania z tych informacji, a tak\u017ce bez jakiejkolwiek gwarancji, wyra\u017anej lub dorozumianej, w tym mi\u0119dzy innymi gwarancji wykonania, przydatno\u015bci handlowej i przydatno\u015bci do okre\u015blonego celu.<\/p>\n<p>Sp\u00f3\u0142ka nie ponosi odpowiedzialno\u015bci wobec U\u017cytkownika ani innych os\u00f3b za jakiekolwiek decyzje lub dzia\u0142ania podj\u0119te w oparciu o informacje podane przez Us\u0142ug\u0119 ani za jakiekolwiek szkody wt\u00f3rne, szczeg\u00f3lne lub podobne, nawet je\u015bli zosta\u0142a poinformowana o mo\u017cliwo\u015bci wyst\u0105pienia takich szk\u00f3d.<\/p>\n<h2>Kontakt<\/h2>\n<p>W przypadku jakichkolwiek pyta\u0144 dotycz\u0105cych niniejszego Zastrze\u017cenia, U\u017cytkownik mo\u017ce skontaktowa\u0107 si\u0119 z nami:<\/p>\n<ul>\n<li>Poczt\u0105 elektroniczn\u0105: <a href=\"mailto:info@subinalles.media\">info@subinalles.media<\/a><\/li>\n<\/ul>\n","protected":false},"excerpt":{"rendered":"<p>Interpretacja i definicje Interpretacja S\u0142owa, kt\u00f3rych pierwsza litera jest wielka, maj\u0105 znaczenie zdefiniowane w nast\u0119puj\u0105cych warunkach. Poni\u017csze definicje maj\u0105 takie samo znaczenie niezale\u017cnie od tego, czy wyst\u0119puj\u0105 w liczbie pojedynczej&hellip;<\/p>\n","protected":false},"author":1,"featured_media":0,"parent":0,"menu_order":0,"comment_status":"closed","ping_status":"closed","template":"","meta":{"footnotes":""},"class_list":["post-2369","page","type-page","status-publish","hentry"],"_links":{"self":[{"href":"https:\/\/subinalles.media\/index.php?rest_route=\/wp\/v2\/pages\/2369","targetHints":{"allow":["GET"]}}],"collection":[{"href":"https:\/\/subinalles.media\/index.php?rest_route=\/wp\/v2\/pages"}],"about":[{"href":"https:\/\/subinalles.media\/index.php?rest_route=\/wp\/v2\/types\/page"}],"author":[{"embeddable":true,"href":"https:\/\/subinalles.media\/index.php?rest_route=\/wp\/v2\/users\/1"}],"replies":[{"embeddable":true,"href":"https:\/\/subinalles.media\/index.php?rest_route=%2Fwp%2Fv2%2Fcomments&post=2369"}],"version-history":[{"count":1,"href":"https:\/\/subinalles.media\/index.php?rest_route=\/wp\/v2\/pages\/2369\/revisions"}],"predecessor-version":[{"id":2370,"href":"https:\/\/subinalles.media\/index.php?rest_route=\/wp\/v2\/pages\/2369\/revisions\/2370"}],"wp:attachment":[{"href":"https:\/\/subinalles.media\/index.php?rest_route=%2Fwp%2Fv2%2Fmedia&parent=2369"}],"curies":[{"name":"wp","href":"https:\/\/api.w.org\/{rel}","templated":true}]}}