{"id":2365,"date":"2025-05-13T12:17:32","date_gmt":"2025-05-13T12:17:32","guid":{"rendered":"https:\/\/subinalles.media\/?page_id=2365"},"modified":"2025-05-13T14:25:10","modified_gmt":"2025-05-13T14:25:10","slug":"kontakt","status":"publish","type":"page","link":"https:\/\/subinalles.media\/?page_id=2365","title":{"rendered":"Kontakt"},"content":{"rendered":"<p>\n    Ta strona jest w\u0142asno\u015bci\u0105 firmy Subinalles Sp. z o.o.. Staramy si\u0119 dostarcza\u0107 istotne i u\u017cyteczne informacje naszym u\u017cytkownikom.<br \/>\n    <br \/>\n    Nazwa firmy: Subinalles Sp. z o.o.<br \/>\n    <br \/>\n    Adres siedziby: S\u0142ubicka 26, 53-615 Wroc\u0142aw, Polska<br \/>\n    <br \/>\n    E-mail:<br \/>\n    <a href=\"mailto:info@subinalles.media\">info@subinalles.media<\/a><br \/>\n    <br \/>\n    Telefon:<br \/>\n    <a href=\"tel:+48606800341\">+48606800341<\/a><br \/>\n    <br \/>\n    Dyrektor zarz\u0105dzaj\u0105cy: Lubomi\u0142 Bizon<br \/>\n    <br \/>\n    Numer rejestracyjny: 1104 58421<br \/>\n    <br \/>\n    Nazwa organu rejestruj\u0105cego: Kancelaria Romuald Mita<br \/>\n    <br \/>\n    Adres organu rejestruj\u0105cego: Szewska 66\/67, 50-529 Wroc\u0142aw, Polska\n<\/p>\n<p>\n    <b>Prawa autorskie:<\/b><br \/>\n    <br \/>\n    Wszystkie materia\u0142y na naszej stronie internetowej, w tym tekst, obrazy, grafika, projekt i oprogramowanie s\u0105 chronione prawem autorskim. Ich wykorzystywanie lub rozpowszechnianie bez zgody w\u0142a\u015bciciela praw autorskich jest zabronione.\n<\/p>\n<p>\n    <b>Informacje kontaktowe:<\/b><br \/>\n    <br \/>\n    W przypadku jakichkolwiek pyta\u0144 lub uwag dotycz\u0105cych naszej strony internetowej lub naszej firmy, prosimy o kontakt za pomoc\u0105 danych kontaktowych wymienionych powy\u017cej.\n<\/p>\n<p>\n    <b>Polityka prywatno\u015bci:<\/b><br \/>\n    <br \/>\n    Szanujemy prywatno\u015b\u0107 u\u017cytkownik\u00f3w i chronimy ich dane osobowe. Wi\u0119cej informacji mo\u017cna znale\u017a\u0107 w naszej <a href=\"https:\/\/subinalles.media\/?page_id=3\">polityce prywatno\u015bci<\/a>.<\/p>\n","protected":false},"excerpt":{"rendered":"<p>Ta strona jest w\u0142asno\u015bci\u0105 firmy Subinalles Sp. z o.o.. Staramy si\u0119 dostarcza\u0107 istotne i u\u017cyteczne informacje naszym u\u017cytkownikom. Nazwa firmy: Subinalles Sp. z o.o. Adres siedziby: S\u0142ubicka 26, 53-615 Wroc\u0142aw,&hellip;<\/p>\n","protected":false},"author":1,"featured_media":0,"parent":0,"menu_order":0,"comment_status":"closed","ping_status":"closed","template":"","meta":{"footnotes":""},"class_list":["post-2365","page","type-page","status-publish","hentry"],"_links":{"self":[{"href":"https:\/\/subinalles.media\/index.php?rest_route=\/wp\/v2\/pages\/2365","targetHints":{"allow":["GET"]}}],"collection":[{"href":"https:\/\/subinalles.media\/index.php?rest_route=\/wp\/v2\/pages"}],"about":[{"href":"https:\/\/subinalles.media\/index.php?rest_route=\/wp\/v2\/types\/page"}],"author":[{"embeddable":true,"href":"https:\/\/subinalles.media\/index.php?rest_route=\/wp\/v2\/users\/1"}],"replies":[{"embeddable":true,"href":"https:\/\/subinalles.media\/index.php?rest_route=%2Fwp%2Fv2%2Fcomments&post=2365"}],"version-history":[{"count":2,"href":"https:\/\/subinalles.media\/index.php?rest_route=\/wp\/v2\/pages\/2365\/revisions"}],"predecessor-version":[{"id":2421,"href":"https:\/\/subinalles.media\/index.php?rest_route=\/wp\/v2\/pages\/2365\/revisions\/2421"}],"wp:attachment":[{"href":"https:\/\/subinalles.media\/index.php?rest_route=%2Fwp%2Fv2%2Fmedia&parent=2365"}],"curies":[{"name":"wp","href":"https:\/\/api.w.org\/{rel}","templated":true}]}}